{"id":3603,"date":"2022-10-19T09:22:16","date_gmt":"2022-10-19T07:22:16","guid":{"rendered":"https:\/\/www.procosil.com\/agence\/"},"modified":"2023-01-24T09:30:27","modified_gmt":"2023-01-24T08:30:27","slug":"agence","status":"publish","type":"page","link":"https:\/\/www.procosil.com\/fr\/agence\/","title":{"rendered":"Entreprise"},"content":{"rendered":"\t\t<div data-elementor-type=\"wp-post\" data-elementor-id=\"3603\" class=\"elementor elementor-3603 elementor-1299\" data-elementor-post-type=\"page\">\n\t\t\t\t\t\t<section class=\"elementor-section elementor-top-section elementor-element elementor-element-87372bc elementor-section-boxed elementor-section-height-default elementor-section-height-default\" data-id=\"87372bc\" data-element_type=\"section\" data-settings=\"{&quot;background_background&quot;:&quot;classic&quot;}\">\n\t\t\t\t\t\t<div class=\"elementor-container elementor-column-gap-default\">\n\t\t\t\t\t<div class=\"elementor-column elementor-col-100 elementor-top-column elementor-element elementor-element-48af84b\" data-id=\"48af84b\" data-element_type=\"column\">\n\t\t\t<div class=\"elementor-widget-wrap elementor-element-populated\">\n\t\t\t\t\t\t<div class=\"elementor-element elementor-element-015d42d elementor-align-left elementor-widget elementor-widget-breadcrumbs\" data-id=\"015d42d\" data-element_type=\"widget\" data-widget_type=\"breadcrumbs.default\">\n\t\t\t\t<div class=\"elementor-widget-container\">\n\t\t\t\t\t<div id=\"breadcrumbs\"><span><span><a href=\"https:\/\/www.procosil.com\/fr\/home\/\">Home<\/a><\/span><\/span><\/div>\t\t\t\t<\/div>\n\t\t\t\t<\/div>\n\t\t\t\t\t<\/div>\n\t\t<\/div>\n\t\t\t\t\t<\/div>\n\t\t<\/section>\n\t\t\t\t<section class=\"elementor-section elementor-top-section elementor-element elementor-element-9a39f06 elementor-section-boxed elementor-section-height-default elementor-section-height-default\" data-id=\"9a39f06\" data-element_type=\"section\">\n\t\t\t\t\t\t<div class=\"elementor-container elementor-column-gap-default\">\n\t\t\t\t\t<div class=\"elementor-column elementor-col-100 elementor-top-column elementor-element elementor-element-55b5296\" data-id=\"55b5296\" data-element_type=\"column\">\n\t\t\t<div class=\"elementor-widget-wrap elementor-element-populated\">\n\t\t\t\t\t\t<div class=\"elementor-element elementor-element-0b759c6 elementor-widget elementor-widget-heading\" data-id=\"0b759c6\" data-element_type=\"widget\" data-widget_type=\"heading.default\">\n\t\t\t\t<div class=\"elementor-widget-container\">\n\t\t\t\t\t<h2 class=\"elementor-heading-title elementor-size-default\">Entreprise<\/h2>\t\t\t\t<\/div>\n\t\t\t\t<\/div>\n\t\t\t\t\t<\/div>\n\t\t<\/div>\n\t\t\t\t\t<\/div>\n\t\t<\/section>\n\t\t\t\t<section class=\"elementor-section elementor-top-section elementor-element elementor-element-8ecd4ef elementor-section-boxed elementor-section-height-default elementor-section-height-default\" data-id=\"8ecd4ef\" data-element_type=\"section\">\n\t\t\t\t\t\t<div class=\"elementor-container elementor-column-gap-default\">\n\t\t\t\t\t<div class=\"elementor-column elementor-col-33 elementor-top-column elementor-element elementor-element-6ed5102\" data-id=\"6ed5102\" data-element_type=\"column\">\n\t\t\t<div class=\"elementor-widget-wrap elementor-element-populated\">\n\t\t\t\t\t\t<div class=\"elementor-element elementor-element-2f5376c elementor-widget elementor-widget-image\" data-id=\"2f5376c\" data-element_type=\"widget\" data-widget_type=\"image.default\">\n\t\t\t\t<div class=\"elementor-widget-container\">\n\t\t\t\t\t\t\t\t\t\t\t\t\t\t\t<img fetchpriority=\"high\" decoding=\"async\" width=\"800\" height=\"267\" src=\"https:\/\/www.procosil.com\/wp-content\/uploads\/2023\/01\/Chi-Siamo_Menu-1.jpg\" class=\"attachment-full size-full wp-image-4146\" alt=\"\" srcset=\"https:\/\/www.procosil.com\/wp-content\/uploads\/2023\/01\/Chi-Siamo_Menu-1.jpg 800w, https:\/\/www.procosil.com\/wp-content\/uploads\/2023\/01\/Chi-Siamo_Menu-1-300x100.jpg 300w, https:\/\/www.procosil.com\/wp-content\/uploads\/2023\/01\/Chi-Siamo_Menu-1-768x256.jpg 768w\" sizes=\"(max-width: 800px) 100vw, 800px\" \/>\t\t\t\t\t\t\t\t\t\t\t\t\t\t\t<\/div>\n\t\t\t\t<\/div>\n\t\t\t\t<div class=\"elementor-element elementor-element-177c74c elementor-widget elementor-widget-heading\" data-id=\"177c74c\" data-element_type=\"widget\" data-widget_type=\"heading.default\">\n\t\t\t\t<div class=\"elementor-widget-container\">\n\t\t\t\t\t<h3 class=\"elementor-heading-title elementor-size-default\">Qui sommes nous<\/h3>\t\t\t\t<\/div>\n\t\t\t\t<\/div>\n\t\t\t\t<div class=\"elementor-element elementor-element-b07f5ee elementor-align-center elementor-widget elementor-widget-button\" data-id=\"b07f5ee\" data-element_type=\"widget\" data-widget_type=\"button.default\">\n\t\t\t\t<div class=\"elementor-widget-container\">\n\t\t\t\t\t\t\t\t\t<div class=\"elementor-button-wrapper\">\n\t\t\t\t\t<a class=\"elementor-button elementor-button-link elementor-size-md\" href=\"https:\/\/www.procosil.com\/fr\/agence\/qui-nous-sommes\/\">\n\t\t\t\t\t\t<span class=\"elementor-button-content-wrapper\">\n\t\t\t\t\t\t\t\t\t<span class=\"elementor-button-text\">D\u00e9couvrez<\/span>\n\t\t\t\t\t<\/span>\n\t\t\t\t\t<\/a>\n\t\t\t\t<\/div>\n\t\t\t\t\t\t\t\t<\/div>\n\t\t\t\t<\/div>\n\t\t\t\t\t<\/div>\n\t\t<\/div>\n\t\t\t\t<div class=\"elementor-column elementor-col-33 elementor-top-column elementor-element elementor-element-baf6cb8\" data-id=\"baf6cb8\" data-element_type=\"column\">\n\t\t\t<div class=\"elementor-widget-wrap elementor-element-populated\">\n\t\t\t\t\t\t<div class=\"elementor-element elementor-element-60f67ae elementor-widget elementor-widget-image\" data-id=\"60f67ae\" data-element_type=\"widget\" data-widget_type=\"image.default\">\n\t\t\t\t<div class=\"elementor-widget-container\">\n\t\t\t\t\t\t\t\t\t\t\t\t\t\t\t<img decoding=\"async\" width=\"800\" height=\"267\" src=\"https:\/\/www.procosil.com\/wp-content\/uploads\/2022\/10\/183-scaled-1.jpg\" class=\"attachment-full size-full wp-image-98\" alt=\"\" srcset=\"https:\/\/www.procosil.com\/wp-content\/uploads\/2022\/10\/183-scaled-1.jpg 800w, https:\/\/www.procosil.com\/wp-content\/uploads\/2022\/10\/183-scaled-1-300x100.jpg 300w, https:\/\/www.procosil.com\/wp-content\/uploads\/2022\/10\/183-scaled-1-768x256.jpg 768w\" sizes=\"(max-width: 800px) 100vw, 800px\" \/>\t\t\t\t\t\t\t\t\t\t\t\t\t\t\t<\/div>\n\t\t\t\t<\/div>\n\t\t\t\t<div class=\"elementor-element elementor-element-af5f866 elementor-widget elementor-widget-heading\" data-id=\"af5f866\" data-element_type=\"widget\" data-widget_type=\"heading.default\">\n\t\t\t\t<div class=\"elementor-widget-container\">\n\t\t\t\t\t<h3 class=\"elementor-heading-title elementor-size-default\">Technologie d'Entreprise<\/h3>\t\t\t\t<\/div>\n\t\t\t\t<\/div>\n\t\t\t\t<div class=\"elementor-element elementor-element-584540c elementor-align-center elementor-widget elementor-widget-button\" data-id=\"584540c\" data-element_type=\"widget\" data-widget_type=\"button.default\">\n\t\t\t\t<div class=\"elementor-widget-container\">\n\t\t\t\t\t\t\t\t\t<div class=\"elementor-button-wrapper\">\n\t\t\t\t\t<a class=\"elementor-button elementor-button-link elementor-size-md\" href=\"#\">\n\t\t\t\t\t\t<span class=\"elementor-button-content-wrapper\">\n\t\t\t\t\t\t\t\t\t<span class=\"elementor-button-text\">D\u00e9couvrez<\/span>\n\t\t\t\t\t<\/span>\n\t\t\t\t\t<\/a>\n\t\t\t\t<\/div>\n\t\t\t\t\t\t\t\t<\/div>\n\t\t\t\t<\/div>\n\t\t\t\t\t<\/div>\n\t\t<\/div>\n\t\t\t\t<div class=\"elementor-column elementor-col-33 elementor-top-column elementor-element elementor-element-eaf5388\" data-id=\"eaf5388\" data-element_type=\"column\">\n\t\t\t<div class=\"elementor-widget-wrap elementor-element-populated\">\n\t\t\t\t\t\t<div class=\"elementor-element elementor-element-4115c6f elementor-widget elementor-widget-image\" data-id=\"4115c6f\" data-element_type=\"widget\" data-widget_type=\"image.default\">\n\t\t\t\t<div class=\"elementor-widget-container\">\n\t\t\t\t\t\t\t\t\t\t\t\t\t\t\t<img decoding=\"async\" width=\"800\" height=\"267\" src=\"https:\/\/www.procosil.com\/wp-content\/uploads\/2023\/01\/Processo_Produttivo_Menu-1.jpg\" class=\"attachment-full size-full wp-image-4232\" alt=\"\" srcset=\"https:\/\/www.procosil.com\/wp-content\/uploads\/2023\/01\/Processo_Produttivo_Menu-1.jpg 800w, https:\/\/www.procosil.com\/wp-content\/uploads\/2023\/01\/Processo_Produttivo_Menu-1-300x100.jpg 300w, https:\/\/www.procosil.com\/wp-content\/uploads\/2023\/01\/Processo_Produttivo_Menu-1-768x256.jpg 768w\" sizes=\"(max-width: 800px) 100vw, 800px\" \/>\t\t\t\t\t\t\t\t\t\t\t\t\t\t\t<\/div>\n\t\t\t\t<\/div>\n\t\t\t\t<div class=\"elementor-element elementor-element-b51925c elementor-widget elementor-widget-heading\" data-id=\"b51925c\" data-element_type=\"widget\" data-widget_type=\"heading.default\">\n\t\t\t\t<div class=\"elementor-widget-container\">\n\t\t\t\t\t<h3 class=\"elementor-heading-title elementor-size-default\">Processus Productif<\/h3>\t\t\t\t<\/div>\n\t\t\t\t<\/div>\n\t\t\t\t<div class=\"elementor-element elementor-element-bbbf490 elementor-align-center elementor-widget elementor-widget-button\" data-id=\"bbbf490\" data-element_type=\"widget\" data-widget_type=\"button.default\">\n\t\t\t\t<div class=\"elementor-widget-container\">\n\t\t\t\t\t\t\t\t\t<div class=\"elementor-button-wrapper\">\n\t\t\t\t\t<a class=\"elementor-button elementor-button-link elementor-size-md\" href=\"https:\/\/www.procosil.com\/fr\/agence\/processus-productif\/\">\n\t\t\t\t\t\t<span class=\"elementor-button-content-wrapper\">\n\t\t\t\t\t\t\t\t\t<span class=\"elementor-button-text\">D\u00e9couvrez<\/span>\n\t\t\t\t\t<\/span>\n\t\t\t\t\t<\/a>\n\t\t\t\t<\/div>\n\t\t\t\t\t\t\t\t<\/div>\n\t\t\t\t<\/div>\n\t\t\t\t\t<\/div>\n\t\t<\/div>\n\t\t\t\t\t<\/div>\n\t\t<\/section>\n\t\t\t\t<section class=\"elementor-section elementor-top-section elementor-element elementor-element-05d89a1 elementor-section-boxed elementor-section-height-default elementor-section-height-default\" data-id=\"05d89a1\" data-element_type=\"section\">\n\t\t\t\t\t\t<div class=\"elementor-container elementor-column-gap-default\">\n\t\t\t\t\t<div class=\"elementor-column elementor-col-100 elementor-top-column elementor-element elementor-element-c07b013\" data-id=\"c07b013\" data-element_type=\"column\">\n\t\t\t<div class=\"elementor-widget-wrap elementor-element-populated\">\n\t\t\t\t\t\t<div class=\"elementor-element elementor-element-4a71cf3 elementor-widget elementor-widget-spacer\" data-id=\"4a71cf3\" data-element_type=\"widget\" data-widget_type=\"spacer.default\">\n\t\t\t\t<div class=\"elementor-widget-container\">\n\t\t\t\t\t\t\t<div class=\"elementor-spacer\">\n\t\t\t<div class=\"elementor-spacer-inner\"><\/div>\n\t\t<\/div>\n\t\t\t\t\t\t<\/div>\n\t\t\t\t<\/div>\n\t\t\t\t\t<\/div>\n\t\t<\/div>\n\t\t\t\t\t<\/div>\n\t\t<\/section>\n\t\t\t\t<\/div>\n\t\t","protected":false},"excerpt":{"rendered":"<p>Entreprise Qui sommes nous D\u00e9couvrez Technologie d&rsquo;Entreprise D\u00e9couvrez Processus Productif D\u00e9couvrez<\/p>\n","protected":false},"author":1,"featured_media":0,"parent":0,"menu_order":0,"comment_status":"closed","ping_status":"closed","template":"","meta":{"footnotes":""},"class_list":["post-3603","page","type-page","status-publish","hentry"],"yoast_head":"<!-- This site is optimized with the Yoast SEO plugin v24.6 - https:\/\/yoast.com\/wordpress\/plugins\/seo\/ -->\n<title>Entreprise - Procosil<\/title>\n<meta name=\"description\" content=\"D\u00e9couvrez la soci\u00e9t\u00e9 Procosil de Saint-Marin, les technologies de l&#039;entreprise et le processus de production.\" \/>\n<meta name=\"robots\" content=\"index, follow, max-snippet:-1, max-image-preview:large, max-video-preview:-1\" \/>\n<link rel=\"canonical\" href=\"https:\/\/www.procosil.com\/fr\/agence\/\" \/>\n<meta property=\"og:locale\" content=\"fr_FR\" \/>\n<meta property=\"og:type\" content=\"article\" \/>\n<meta property=\"og:title\" content=\"Entreprise - Procosil\" \/>\n<meta property=\"og:description\" content=\"D\u00e9couvrez la soci\u00e9t\u00e9 Procosil de Saint-Marin, les technologies de l&#039;entreprise et le processus de production.\" \/>\n<meta property=\"og:url\" content=\"https:\/\/www.procosil.com\/fr\/agence\/\" \/>\n<meta property=\"og:site_name\" content=\"Procosil\" \/>\n<meta property=\"article:modified_time\" content=\"2023-01-24T08:30:27+00:00\" \/>\n<meta property=\"og:image\" content=\"https:\/\/www.procosil.com\/wp-content\/uploads\/2023\/01\/Chi-Siamo_Menu-1.jpg\" \/>\n<meta name=\"twitter:card\" content=\"summary_large_image\" \/>\n<script type=\"application\/ld+json\" class=\"yoast-schema-graph\">{\"@context\":\"https:\/\/schema.org\",\"@graph\":[{\"@type\":\"WebPage\",\"@id\":\"https:\/\/www.procosil.com\/fr\/agence\/\",\"url\":\"https:\/\/www.procosil.com\/fr\/agence\/\",\"name\":\"Entreprise - Procosil\",\"isPartOf\":{\"@id\":\"https:\/\/www.procosil.com\/fr\/#website\"},\"primaryImageOfPage\":{\"@id\":\"https:\/\/www.procosil.com\/fr\/agence\/#primaryimage\"},\"image\":{\"@id\":\"https:\/\/www.procosil.com\/fr\/agence\/#primaryimage\"},\"thumbnailUrl\":\"https:\/\/www.procosil.com\/wp-content\/uploads\/2023\/01\/Chi-Siamo_Menu-1.jpg\",\"datePublished\":\"2022-10-19T07:22:16+00:00\",\"dateModified\":\"2023-01-24T08:30:27+00:00\",\"description\":\"D\u00e9couvrez la soci\u00e9t\u00e9 Procosil de Saint-Marin, les technologies de l'entreprise et le processus de production.\",\"breadcrumb\":{\"@id\":\"https:\/\/www.procosil.com\/fr\/agence\/#breadcrumb\"},\"inLanguage\":\"fr-FR\",\"potentialAction\":[{\"@type\":\"ReadAction\",\"target\":[\"https:\/\/www.procosil.com\/fr\/agence\/\"]}]},{\"@type\":\"ImageObject\",\"inLanguage\":\"fr-FR\",\"@id\":\"https:\/\/www.procosil.com\/fr\/agence\/#primaryimage\",\"url\":\"https:\/\/www.procosil.com\/wp-content\/uploads\/2023\/01\/Chi-Siamo_Menu-1.jpg\",\"contentUrl\":\"https:\/\/www.procosil.com\/wp-content\/uploads\/2023\/01\/Chi-Siamo_Menu-1.jpg\"},{\"@type\":\"BreadcrumbList\",\"@id\":\"https:\/\/www.procosil.com\/fr\/agence\/#breadcrumb\",\"itemListElement\":[{\"@type\":\"ListItem\",\"position\":1,\"name\":\"Home\",\"item\":\"https:\/\/www.procosil.com\/fr\/home\/\"},{\"@type\":\"ListItem\",\"position\":2,\"name\":\"Entreprise\"}]},{\"@type\":\"WebSite\",\"@id\":\"https:\/\/www.procosil.com\/fr\/#website\",\"url\":\"https:\/\/www.procosil.com\/fr\/\",\"name\":\"Procosil\",\"description\":\"Hightech Prosthesis\",\"publisher\":{\"@id\":\"https:\/\/www.procosil.com\/fr\/#organization\"},\"potentialAction\":[{\"@type\":\"SearchAction\",\"target\":{\"@type\":\"EntryPoint\",\"urlTemplate\":\"https:\/\/www.procosil.com\/fr\/?s={search_term_string}\"},\"query-input\":{\"@type\":\"PropertyValueSpecification\",\"valueRequired\":true,\"valueName\":\"search_term_string\"}}],\"inLanguage\":\"fr-FR\"},{\"@type\":\"Organization\",\"@id\":\"https:\/\/www.procosil.com\/fr\/#organization\",\"name\":\"Procosil\",\"url\":\"https:\/\/www.procosil.com\/fr\/\",\"logo\":{\"@type\":\"ImageObject\",\"inLanguage\":\"fr-FR\",\"@id\":\"https:\/\/www.procosil.com\/fr\/#\/schema\/logo\/image\/\",\"url\":\"https:\/\/www.procosil.com\/wp-content\/uploads\/2022\/10\/Logo-Ufficiale_RGB-1.svg\",\"contentUrl\":\"https:\/\/www.procosil.com\/wp-content\/uploads\/2022\/10\/Logo-Ufficiale_RGB-1.svg\",\"caption\":\"Procosil\"},\"image\":{\"@id\":\"https:\/\/www.procosil.com\/fr\/#\/schema\/logo\/image\/\"}}]}<\/script>\n<!-- \/ Yoast SEO plugin. -->","yoast_head_json":{"title":"Entreprise - Procosil","description":"D\u00e9couvrez la soci\u00e9t\u00e9 Procosil de Saint-Marin, les technologies de l'entreprise et le processus de production.","robots":{"index":"index","follow":"follow","max-snippet":"max-snippet:-1","max-image-preview":"max-image-preview:large","max-video-preview":"max-video-preview:-1"},"canonical":"https:\/\/www.procosil.com\/fr\/agence\/","og_locale":"fr_FR","og_type":"article","og_title":"Entreprise - Procosil","og_description":"D\u00e9couvrez la soci\u00e9t\u00e9 Procosil de Saint-Marin, les technologies de l'entreprise et le processus de production.","og_url":"https:\/\/www.procosil.com\/fr\/agence\/","og_site_name":"Procosil","article_modified_time":"2023-01-24T08:30:27+00:00","og_image":[{"url":"https:\/\/www.procosil.com\/wp-content\/uploads\/2023\/01\/Chi-Siamo_Menu-1.jpg","type":"","width":"","height":""}],"twitter_card":"summary_large_image","schema":{"@context":"https:\/\/schema.org","@graph":[{"@type":"WebPage","@id":"https:\/\/www.procosil.com\/fr\/agence\/","url":"https:\/\/www.procosil.com\/fr\/agence\/","name":"Entreprise - Procosil","isPartOf":{"@id":"https:\/\/www.procosil.com\/fr\/#website"},"primaryImageOfPage":{"@id":"https:\/\/www.procosil.com\/fr\/agence\/#primaryimage"},"image":{"@id":"https:\/\/www.procosil.com\/fr\/agence\/#primaryimage"},"thumbnailUrl":"https:\/\/www.procosil.com\/wp-content\/uploads\/2023\/01\/Chi-Siamo_Menu-1.jpg","datePublished":"2022-10-19T07:22:16+00:00","dateModified":"2023-01-24T08:30:27+00:00","description":"D\u00e9couvrez la soci\u00e9t\u00e9 Procosil de Saint-Marin, les technologies de l'entreprise et le processus de production.","breadcrumb":{"@id":"https:\/\/www.procosil.com\/fr\/agence\/#breadcrumb"},"inLanguage":"fr-FR","potentialAction":[{"@type":"ReadAction","target":["https:\/\/www.procosil.com\/fr\/agence\/"]}]},{"@type":"ImageObject","inLanguage":"fr-FR","@id":"https:\/\/www.procosil.com\/fr\/agence\/#primaryimage","url":"https:\/\/www.procosil.com\/wp-content\/uploads\/2023\/01\/Chi-Siamo_Menu-1.jpg","contentUrl":"https:\/\/www.procosil.com\/wp-content\/uploads\/2023\/01\/Chi-Siamo_Menu-1.jpg"},{"@type":"BreadcrumbList","@id":"https:\/\/www.procosil.com\/fr\/agence\/#breadcrumb","itemListElement":[{"@type":"ListItem","position":1,"name":"Home","item":"https:\/\/www.procosil.com\/fr\/home\/"},{"@type":"ListItem","position":2,"name":"Entreprise"}]},{"@type":"WebSite","@id":"https:\/\/www.procosil.com\/fr\/#website","url":"https:\/\/www.procosil.com\/fr\/","name":"Procosil","description":"Hightech Prosthesis","publisher":{"@id":"https:\/\/www.procosil.com\/fr\/#organization"},"potentialAction":[{"@type":"SearchAction","target":{"@type":"EntryPoint","urlTemplate":"https:\/\/www.procosil.com\/fr\/?s={search_term_string}"},"query-input":{"@type":"PropertyValueSpecification","valueRequired":true,"valueName":"search_term_string"}}],"inLanguage":"fr-FR"},{"@type":"Organization","@id":"https:\/\/www.procosil.com\/fr\/#organization","name":"Procosil","url":"https:\/\/www.procosil.com\/fr\/","logo":{"@type":"ImageObject","inLanguage":"fr-FR","@id":"https:\/\/www.procosil.com\/fr\/#\/schema\/logo\/image\/","url":"https:\/\/www.procosil.com\/wp-content\/uploads\/2022\/10\/Logo-Ufficiale_RGB-1.svg","contentUrl":"https:\/\/www.procosil.com\/wp-content\/uploads\/2022\/10\/Logo-Ufficiale_RGB-1.svg","caption":"Procosil"},"image":{"@id":"https:\/\/www.procosil.com\/fr\/#\/schema\/logo\/image\/"}}]}},"_links":{"self":[{"href":"https:\/\/www.procosil.com\/fr\/wp-json\/wp\/v2\/pages\/3603","targetHints":{"allow":["GET"]}}],"collection":[{"href":"https:\/\/www.procosil.com\/fr\/wp-json\/wp\/v2\/pages"}],"about":[{"href":"https:\/\/www.procosil.com\/fr\/wp-json\/wp\/v2\/types\/page"}],"author":[{"embeddable":true,"href":"https:\/\/www.procosil.com\/fr\/wp-json\/wp\/v2\/users\/1"}],"replies":[{"embeddable":true,"href":"https:\/\/www.procosil.com\/fr\/wp-json\/wp\/v2\/comments?post=3603"}],"version-history":[{"count":8,"href":"https:\/\/www.procosil.com\/fr\/wp-json\/wp\/v2\/pages\/3603\/revisions"}],"predecessor-version":[{"id":5199,"href":"https:\/\/www.procosil.com\/fr\/wp-json\/wp\/v2\/pages\/3603\/revisions\/5199"}],"wp:attachment":[{"href":"https:\/\/www.procosil.com\/fr\/wp-json\/wp\/v2\/media?parent=3603"}],"curies":[{"name":"wp","href":"https:\/\/api.w.org\/{rel}","templated":true}]}}