{"id":3639,"date":"2022-12-19T14:12:29","date_gmt":"2022-12-19T13:12:29","guid":{"rendered":"https:\/\/www.procosil.com\/agence\/technologie-dentreprise\/"},"modified":"2023-01-26T10:53:21","modified_gmt":"2023-01-26T09:53:21","slug":"technologie-dentreprise","status":"publish","type":"page","link":"https:\/\/www.procosil.com\/fr\/agence\/technologie-dentreprise\/","title":{"rendered":"Technologie d&rsquo;Entreprise"},"content":{"rendered":"\t\t<div data-elementor-type=\"wp-post\" data-elementor-id=\"3639\" class=\"elementor elementor-3639 elementor-2760\" data-elementor-post-type=\"page\">\n\t\t\t\t\t\t<section class=\"elementor-section elementor-top-section elementor-element elementor-element-03d7554 elementor-section-boxed elementor-section-height-default elementor-section-height-default\" data-id=\"03d7554\" data-element_type=\"section\" data-settings=\"{&quot;background_background&quot;:&quot;classic&quot;}\">\n\t\t\t\t\t\t<div class=\"elementor-container elementor-column-gap-default\">\n\t\t\t\t\t<div class=\"elementor-column elementor-col-100 elementor-top-column elementor-element elementor-element-a1dde7a\" data-id=\"a1dde7a\" data-element_type=\"column\">\n\t\t\t<div class=\"elementor-widget-wrap elementor-element-populated\">\n\t\t\t\t\t\t<div class=\"elementor-element elementor-element-3b70566 elementor-align-left elementor-widget elementor-widget-breadcrumbs\" data-id=\"3b70566\" data-element_type=\"widget\" data-widget_type=\"breadcrumbs.default\">\n\t\t\t\t<div class=\"elementor-widget-container\">\n\t\t\t\t\t<div id=\"breadcrumbs\"><span><span><a href=\"https:\/\/www.procosil.com\/fr\/home\/\">Home<\/a><\/span><\/span><\/div>\t\t\t\t<\/div>\n\t\t\t\t<\/div>\n\t\t\t\t\t<\/div>\n\t\t<\/div>\n\t\t\t\t\t<\/div>\n\t\t<\/section>\n\t\t\t\t<section class=\"elementor-section elementor-top-section elementor-element elementor-element-87372bc elementor-section-boxed elementor-section-height-default elementor-section-height-default\" data-id=\"87372bc\" data-element_type=\"section\" data-settings=\"{&quot;background_background&quot;:&quot;classic&quot;}\">\n\t\t\t\t\t\t<div class=\"elementor-container elementor-column-gap-default\">\n\t\t\t\t\t<div class=\"elementor-column elementor-col-100 elementor-top-column elementor-element elementor-element-48af84b\" data-id=\"48af84b\" data-element_type=\"column\">\n\t\t\t<div class=\"elementor-widget-wrap elementor-element-populated\">\n\t\t\t\t\t\t<div class=\"elementor-element elementor-element-e5f111f elementor-widget elementor-widget-heading\" data-id=\"e5f111f\" data-element_type=\"widget\" data-widget_type=\"heading.default\">\n\t\t\t\t<div class=\"elementor-widget-container\">\n\t\t\t\t\t<h2 class=\"elementor-heading-title elementor-size-default\"><span style=\"color: white\">Technologie<\/span> d'Entreprise<\/h2>\t\t\t\t<\/div>\n\t\t\t\t<\/div>\n\t\t\t\t\t<\/div>\n\t\t<\/div>\n\t\t\t\t\t<\/div>\n\t\t<\/section>\n\t\t\t\t<section class=\"elementor-section elementor-top-section elementor-element elementor-element-9a39f06 elementor-reverse-tablet elementor-reverse-mobile elementor-section-boxed elementor-section-height-default elementor-section-height-default\" data-id=\"9a39f06\" data-element_type=\"section\">\n\t\t\t\t\t\t<div class=\"elementor-container elementor-column-gap-default\">\n\t\t\t\t\t<div class=\"elementor-column elementor-col-50 elementor-top-column elementor-element elementor-element-15f1448\" data-id=\"15f1448\" data-element_type=\"column\">\n\t\t\t<div class=\"elementor-widget-wrap elementor-element-populated\">\n\t\t\t\t\t\t<div class=\"elementor-element elementor-element-9c122e9 elementor-widget elementor-widget-image\" data-id=\"9c122e9\" data-element_type=\"widget\" data-widget_type=\"image.default\">\n\t\t\t\t<div class=\"elementor-widget-container\">\n\t\t\t\t\t\t\t\t\t\t\t\t\t\t\t<img fetchpriority=\"high\" decoding=\"async\" width=\"533\" height=\"800\" src=\"https:\/\/www.procosil.com\/wp-content\/uploads\/2023\/01\/Tecnologie_Aziendali_1-2.jpg\" class=\"attachment-full size-full wp-image-4195\" alt=\"\" srcset=\"https:\/\/www.procosil.com\/wp-content\/uploads\/2023\/01\/Tecnologie_Aziendali_1-2.jpg 533w, https:\/\/www.procosil.com\/wp-content\/uploads\/2023\/01\/Tecnologie_Aziendali_1-2-200x300.jpg 200w\" sizes=\"(max-width: 533px) 100vw, 533px\" \/>\t\t\t\t\t\t\t\t\t\t\t\t\t\t\t<\/div>\n\t\t\t\t<\/div>\n\t\t\t\t\t<\/div>\n\t\t<\/div>\n\t\t\t\t<div class=\"elementor-column elementor-col-50 elementor-top-column elementor-element elementor-element-55b5296\" data-id=\"55b5296\" data-element_type=\"column\">\n\t\t\t<div class=\"elementor-widget-wrap elementor-element-populated\">\n\t\t\t\t\t\t<div class=\"elementor-element elementor-element-ded1f7a elementor-widget elementor-widget-heading\" data-id=\"ded1f7a\" data-element_type=\"widget\" data-widget_type=\"heading.default\">\n\t\t\t\t<div class=\"elementor-widget-container\">\n\t\t\t\t\t<h3 class=\"elementor-heading-title elementor-size-default\">Hi-Tech<\/h3>\t\t\t\t<\/div>\n\t\t\t\t<\/div>\n\t\t\t\t<div class=\"elementor-element elementor-element-0b759c6 elementor-widget elementor-widget-heading\" data-id=\"0b759c6\" data-element_type=\"widget\" data-widget_type=\"heading.default\">\n\t\t\t\t<div class=\"elementor-widget-container\">\n\t\t\t\t\t<h1 class=\"elementor-heading-title elementor-size-default\">Imprimantes 3D<\/h1>\t\t\t\t<\/div>\n\t\t\t\t<\/div>\n\t\t\t\t<div class=\"elementor-element elementor-element-d163270 elementor-widget elementor-widget-text-editor\" data-id=\"d163270\" data-element_type=\"widget\" data-widget_type=\"text-editor.default\">\n\t\t\t\t<div class=\"elementor-widget-container\">\n\t\t\t\t\t\t\t\t\t<p>Procosil Srl utilise des <strong>imprimantes 3D<\/strong> dans le processus de production.<\/p>\n\t\t\t\t\t\t\t\t<\/div>\n\t\t\t\t<\/div>\n\t\t\t\t<div class=\"elementor-element elementor-element-6ecd0fb elementor-widget elementor-widget-heading\" data-id=\"6ecd0fb\" data-element_type=\"widget\" data-widget_type=\"heading.default\">\n\t\t\t\t<div class=\"elementor-widget-container\">\n\t\t\t\t\t<h1 class=\"elementor-heading-title elementor-size-default\">Scanners 3D<\/h1>\t\t\t\t<\/div>\n\t\t\t\t<\/div>\n\t\t\t\t<div class=\"elementor-element elementor-element-e870d68 elementor-widget elementor-widget-text-editor\" data-id=\"e870d68\" data-element_type=\"widget\" data-widget_type=\"text-editor.default\">\n\t\t\t\t<div class=\"elementor-widget-container\">\n\t\t\t\t\t\t\t\t\t<p>Gr\u00e2ce au scanner 3D innovant, nous sommes en mesure de scanner le <strong>site anatomique<\/strong> int\u00e9ress\u00e9 <strong>directement sur le patient<\/strong>, afin d&rsquo;acc\u00e9l\u00e9rer les phases de traitement. En effet, cet outil nous permet de travailler directement sur le scan r\u00e9alis\u00e9 sur le patient, permettant \u00e0 ce dernier de pouvoir intervenir dans la phase de <strong>sculpture num\u00e9rique<\/strong>, et en cas d&rsquo;\u00e9pith\u00e8se, de pouvoir visualiser l&rsquo;effet du r\u00e9sultat final .<\/p>\n\t\t\t\t\t\t\t\t<\/div>\n\t\t\t\t<\/div>\n\t\t\t\t<div class=\"elementor-element elementor-element-0152788 elementor-widget elementor-widget-heading\" data-id=\"0152788\" data-element_type=\"widget\" data-widget_type=\"heading.default\">\n\t\t\t\t<div class=\"elementor-widget-container\">\n\t\t\t\t\t<h1 class=\"elementor-heading-title elementor-size-default\">Technologie de Conception<\/h1>\t\t\t\t<\/div>\n\t\t\t\t<\/div>\n\t\t\t\t<div class=\"elementor-element elementor-element-210b8f0 elementor-widget elementor-widget-text-editor\" data-id=\"210b8f0\" data-element_type=\"widget\" data-widget_type=\"text-editor.default\">\n\t\t\t\t<div class=\"elementor-widget-container\">\n\t\t\t\t\t\t\t\t\t<p>Notre technologie de <strong>conception innovante<\/strong> consiste en la reproduction exacte du membre controlat\u00e9ral dans la morphologie, la coloration et la reproduction de l&rsquo;ongle en r\u00e9sine gr\u00e2ce \u00e0 la cr\u00e9ation d&rsquo;un <strong>moule monolithique<\/strong>.<\/p>\n\t\t\t\t\t\t\t\t<\/div>\n\t\t\t\t<\/div>\n\t\t\t\t\t<\/div>\n\t\t<\/div>\n\t\t\t\t\t<\/div>\n\t\t<\/section>\n\t\t\t\t<section class=\"elementor-section elementor-top-section elementor-element elementor-element-cb24fd2 elementor-reverse-tablet elementor-reverse-mobile elementor-section-boxed elementor-section-height-default elementor-section-height-default\" data-id=\"cb24fd2\" data-element_type=\"section\">\n\t\t\t\t\t\t<div class=\"elementor-container elementor-column-gap-default\">\n\t\t\t\t\t<div class=\"elementor-column elementor-col-100 elementor-top-column elementor-element elementor-element-8e2af5c\" data-id=\"8e2af5c\" data-element_type=\"column\">\n\t\t\t<div class=\"elementor-widget-wrap elementor-element-populated\">\n\t\t\t\t\t\t<div class=\"elementor-element elementor-element-e140ec0 elementor-widget elementor-widget-text-editor\" data-id=\"e140ec0\" data-element_type=\"widget\" data-widget_type=\"text-editor.default\">\n\t\t\t\t<div class=\"elementor-widget-container\">\n\t\t\t\t\t\t\t\t\t<p>Cette technologie permet d&rsquo;atteindre <strong>un haut degr\u00e9 de personnalisation<\/strong> du produit fini, aussi et surtout en ce qui concerne l&rsquo;adaptabilit\u00e9 au moignon.<\/p>\n<p>Gr\u00e2ce \u00e0 Design Technology, nous sommes donc en mesure de proth\u00e9ser et de rendre esth\u00e9tique <strong>les moignon les plus atypiques<\/strong> et de cr\u00e9er le proth\u00e8se des besoins et des attentes du patient, au cas par cas.<\/p>\n\t\t\t\t\t\t\t\t<\/div>\n\t\t\t\t<\/div>\n\t\t\t\t\t<\/div>\n\t\t<\/div>\n\t\t\t\t\t<\/div>\n\t\t<\/section>\n\t\t\t\t<section class=\"elementor-section elementor-top-section elementor-element elementor-element-9946ef1 elementor-section-boxed elementor-section-height-default elementor-section-height-default\" data-id=\"9946ef1\" data-element_type=\"section\">\n\t\t\t\t\t\t<div class=\"elementor-container elementor-column-gap-default\">\n\t\t\t\t\t<div class=\"elementor-column elementor-col-25 elementor-top-column elementor-element elementor-element-4a0c4d0\" data-id=\"4a0c4d0\" data-element_type=\"column\">\n\t\t\t<div class=\"elementor-widget-wrap elementor-element-populated\">\n\t\t\t\t\t\t<div class=\"elementor-element elementor-element-ef1c36d elementor-widget elementor-widget-image\" data-id=\"ef1c36d\" data-element_type=\"widget\" data-widget_type=\"image.default\">\n\t\t\t\t<div class=\"elementor-widget-container\">\n\t\t\t\t\t\t\t\t\t\t\t\t\t\t\t<img decoding=\"async\" width=\"800\" height=\"533\" src=\"https:\/\/www.procosil.com\/wp-content\/uploads\/2023\/01\/Tecnologie_Aziendali_2-1.jpg\" class=\"attachment-full size-full wp-image-4199\" alt=\"\" srcset=\"https:\/\/www.procosil.com\/wp-content\/uploads\/2023\/01\/Tecnologie_Aziendali_2-1.jpg 800w, https:\/\/www.procosil.com\/wp-content\/uploads\/2023\/01\/Tecnologie_Aziendali_2-1-300x200.jpg 300w, https:\/\/www.procosil.com\/wp-content\/uploads\/2023\/01\/Tecnologie_Aziendali_2-1-768x512.jpg 768w\" sizes=\"(max-width: 800px) 100vw, 800px\" \/>\t\t\t\t\t\t\t\t\t\t\t\t\t\t\t<\/div>\n\t\t\t\t<\/div>\n\t\t\t\t\t<\/div>\n\t\t<\/div>\n\t\t\t\t<div class=\"elementor-column elementor-col-25 elementor-top-column elementor-element elementor-element-ffff884\" data-id=\"ffff884\" data-element_type=\"column\">\n\t\t\t<div class=\"elementor-widget-wrap elementor-element-populated\">\n\t\t\t\t\t\t<div class=\"elementor-element elementor-element-438aed3 elementor-widget elementor-widget-image\" data-id=\"438aed3\" data-element_type=\"widget\" data-widget_type=\"image.default\">\n\t\t\t\t<div class=\"elementor-widget-container\">\n\t\t\t\t\t\t\t\t\t\t\t\t\t\t\t<img decoding=\"async\" width=\"800\" height=\"533\" src=\"https:\/\/www.procosil.com\/wp-content\/uploads\/2023\/01\/Tecnologie_Aziendali_3-1.jpg\" class=\"attachment-full size-full wp-image-4203\" alt=\"\" srcset=\"https:\/\/www.procosil.com\/wp-content\/uploads\/2023\/01\/Tecnologie_Aziendali_3-1.jpg 800w, https:\/\/www.procosil.com\/wp-content\/uploads\/2023\/01\/Tecnologie_Aziendali_3-1-300x200.jpg 300w, https:\/\/www.procosil.com\/wp-content\/uploads\/2023\/01\/Tecnologie_Aziendali_3-1-768x512.jpg 768w\" sizes=\"(max-width: 800px) 100vw, 800px\" \/>\t\t\t\t\t\t\t\t\t\t\t\t\t\t\t<\/div>\n\t\t\t\t<\/div>\n\t\t\t\t\t<\/div>\n\t\t<\/div>\n\t\t\t\t<div class=\"elementor-column elementor-col-25 elementor-top-column elementor-element elementor-element-3801ffb\" data-id=\"3801ffb\" data-element_type=\"column\">\n\t\t\t<div class=\"elementor-widget-wrap elementor-element-populated\">\n\t\t\t\t\t\t<div class=\"elementor-element elementor-element-8f587ef elementor-widget elementor-widget-image\" data-id=\"8f587ef\" data-element_type=\"widget\" data-widget_type=\"image.default\">\n\t\t\t\t<div class=\"elementor-widget-container\">\n\t\t\t\t\t\t\t\t\t\t\t\t\t\t\t<img loading=\"lazy\" decoding=\"async\" width=\"800\" height=\"533\" src=\"https:\/\/www.procosil.com\/wp-content\/uploads\/2023\/01\/Tecnologie_Aziendali_4-1.jpg\" class=\"attachment-full size-full wp-image-4207\" alt=\"\" srcset=\"https:\/\/www.procosil.com\/wp-content\/uploads\/2023\/01\/Tecnologie_Aziendali_4-1.jpg 800w, https:\/\/www.procosil.com\/wp-content\/uploads\/2023\/01\/Tecnologie_Aziendali_4-1-300x200.jpg 300w, https:\/\/www.procosil.com\/wp-content\/uploads\/2023\/01\/Tecnologie_Aziendali_4-1-768x512.jpg 768w\" sizes=\"(max-width: 800px) 100vw, 800px\" \/>\t\t\t\t\t\t\t\t\t\t\t\t\t\t\t<\/div>\n\t\t\t\t<\/div>\n\t\t\t\t\t<\/div>\n\t\t<\/div>\n\t\t\t\t<div class=\"elementor-column elementor-col-25 elementor-top-column elementor-element elementor-element-053d274\" data-id=\"053d274\" data-element_type=\"column\">\n\t\t\t<div class=\"elementor-widget-wrap elementor-element-populated\">\n\t\t\t\t\t\t<div class=\"elementor-element elementor-element-f6f5df4 elementor-widget elementor-widget-image\" data-id=\"f6f5df4\" data-element_type=\"widget\" data-widget_type=\"image.default\">\n\t\t\t\t<div class=\"elementor-widget-container\">\n\t\t\t\t\t\t\t\t\t\t\t\t\t\t\t<img loading=\"lazy\" decoding=\"async\" width=\"800\" height=\"534\" src=\"https:\/\/www.procosil.com\/wp-content\/uploads\/2023\/01\/Tecnologie_Aziendali_5-1.jpg\" class=\"attachment-full size-full wp-image-4211\" alt=\"\" srcset=\"https:\/\/www.procosil.com\/wp-content\/uploads\/2023\/01\/Tecnologie_Aziendali_5-1.jpg 800w, https:\/\/www.procosil.com\/wp-content\/uploads\/2023\/01\/Tecnologie_Aziendali_5-1-300x200.jpg 300w, https:\/\/www.procosil.com\/wp-content\/uploads\/2023\/01\/Tecnologie_Aziendali_5-1-768x513.jpg 768w\" sizes=\"(max-width: 800px) 100vw, 800px\" \/>\t\t\t\t\t\t\t\t\t\t\t\t\t\t\t<\/div>\n\t\t\t\t<\/div>\n\t\t\t\t\t<\/div>\n\t\t<\/div>\n\t\t\t\t\t<\/div>\n\t\t<\/section>\n\t\t\t\t<section class=\"elementor-section elementor-top-section elementor-element elementor-element-0e8f6a9 elementor-section-full_width elementor-section-height-default elementor-section-height-default\" data-id=\"0e8f6a9\" data-element_type=\"section\" data-settings=\"{&quot;background_background&quot;:&quot;classic&quot;}\">\n\t\t\t\t\t\t<div class=\"elementor-container elementor-column-gap-default\">\n\t\t\t\t\t<div class=\"elementor-column elementor-col-100 elementor-top-column elementor-element elementor-element-c0c1488\" data-id=\"c0c1488\" data-element_type=\"column\">\n\t\t\t<div class=\"elementor-widget-wrap elementor-element-populated\">\n\t\t\t\t\t\t<div class=\"elementor-element elementor-element-6215558 elementor-hidden-desktop elementor-hidden-tablet elementor-hidden-mobile elementor-view-default elementor-widget elementor-widget-icon\" data-id=\"6215558\" data-element_type=\"widget\" data-widget_type=\"icon.default\">\n\t\t\t\t<div class=\"elementor-widget-container\">\n\t\t\t\t\t\t\t<div class=\"elementor-icon-wrapper\">\n\t\t\t<a class=\"elementor-icon\" href=\"#\">\n\t\t\t<i aria-hidden=\"true\" class=\"far fa-play-circle\"><\/i>\t\t\t<\/a>\n\t\t<\/div>\n\t\t\t\t\t\t<\/div>\n\t\t\t\t<\/div>\n\t\t\t\t\t<\/div>\n\t\t<\/div>\n\t\t\t\t\t<\/div>\n\t\t<\/section>\n\t\t\t\t<\/div>\n\t\t","protected":false},"excerpt":{"rendered":"<p>Technologie d&rsquo;Entreprise Hi-Tech Imprimantes 3D Procosil Srl utilise des imprimantes 3D dans le processus de production. Scanners 3D Gr\u00e2ce au scanner 3D innovant, nous sommes en mesure de scanner le site anatomique int\u00e9ress\u00e9 directement sur le patient, afin d&rsquo;acc\u00e9l\u00e9rer les phases de traitement. En effet, cet outil nous permet de travailler directement sur le scan [&hellip;]<\/p>\n","protected":false},"author":1,"featured_media":0,"parent":3603,"menu_order":0,"comment_status":"closed","ping_status":"closed","template":"","meta":{"footnotes":""},"class_list":["post-3639","page","type-page","status-publish","hentry"],"yoast_head":"<!-- This site is optimized with the Yoast SEO plugin v24.6 - https:\/\/yoast.com\/wordpress\/plugins\/seo\/ -->\n<title>Technologie d&#039;Entreprise - Procosil<\/title>\n<meta name=\"description\" content=\"Les technologies d&#039;entreprise de haute technologie telles que : les imprimantes 3D, les scanners 3D et la technologie de conception font de Procosil une entreprise en constante \u00e9volution.\" \/>\n<meta name=\"robots\" content=\"index, follow, max-snippet:-1, max-image-preview:large, max-video-preview:-1\" \/>\n<link rel=\"canonical\" href=\"https:\/\/www.procosil.com\/fr\/agence\/technologie-dentreprise\/\" \/>\n<meta property=\"og:locale\" content=\"fr_FR\" \/>\n<meta property=\"og:type\" content=\"article\" \/>\n<meta property=\"og:title\" content=\"Technologie d&#039;Entreprise - Procosil\" \/>\n<meta property=\"og:description\" content=\"Les technologies d&#039;entreprise de haute technologie telles que : les imprimantes 3D, les scanners 3D et la technologie de conception font de Procosil une entreprise en constante \u00e9volution.\" \/>\n<meta property=\"og:url\" content=\"https:\/\/www.procosil.com\/fr\/agence\/technologie-dentreprise\/\" \/>\n<meta property=\"og:site_name\" content=\"Procosil\" \/>\n<meta property=\"article:modified_time\" content=\"2023-01-26T09:53:21+00:00\" \/>\n<meta property=\"og:image\" content=\"https:\/\/www.procosil.com\/wp-content\/uploads\/2023\/01\/Tecnologie_Aziendali_1-2.jpg\" \/>\n<meta name=\"twitter:card\" content=\"summary_large_image\" \/>\n<meta name=\"twitter:label1\" content=\"Dur\u00e9e de lecture estim\u00e9e\" \/>\n\t<meta name=\"twitter:data1\" content=\"1 minute\" \/>\n<script type=\"application\/ld+json\" class=\"yoast-schema-graph\">{\"@context\":\"https:\/\/schema.org\",\"@graph\":[{\"@type\":\"WebPage\",\"@id\":\"https:\/\/www.procosil.com\/fr\/agence\/technologie-dentreprise\/\",\"url\":\"https:\/\/www.procosil.com\/fr\/agence\/technologie-dentreprise\/\",\"name\":\"Technologie d'Entreprise - Procosil\",\"isPartOf\":{\"@id\":\"https:\/\/www.procosil.com\/fr\/#website\"},\"primaryImageOfPage\":{\"@id\":\"https:\/\/www.procosil.com\/fr\/agence\/technologie-dentreprise\/#primaryimage\"},\"image\":{\"@id\":\"https:\/\/www.procosil.com\/fr\/agence\/technologie-dentreprise\/#primaryimage\"},\"thumbnailUrl\":\"https:\/\/www.procosil.com\/wp-content\/uploads\/2023\/01\/Tecnologie_Aziendali_1-2.jpg\",\"datePublished\":\"2022-12-19T13:12:29+00:00\",\"dateModified\":\"2023-01-26T09:53:21+00:00\",\"description\":\"Les technologies d'entreprise de haute technologie telles que : les imprimantes 3D, les scanners 3D et la technologie de conception font de Procosil une entreprise en constante \u00e9volution.\",\"breadcrumb\":{\"@id\":\"https:\/\/www.procosil.com\/fr\/agence\/technologie-dentreprise\/#breadcrumb\"},\"inLanguage\":\"fr-FR\",\"potentialAction\":[{\"@type\":\"ReadAction\",\"target\":[\"https:\/\/www.procosil.com\/fr\/agence\/technologie-dentreprise\/\"]}]},{\"@type\":\"ImageObject\",\"inLanguage\":\"fr-FR\",\"@id\":\"https:\/\/www.procosil.com\/fr\/agence\/technologie-dentreprise\/#primaryimage\",\"url\":\"https:\/\/www.procosil.com\/wp-content\/uploads\/2023\/01\/Tecnologie_Aziendali_1-2.jpg\",\"contentUrl\":\"https:\/\/www.procosil.com\/wp-content\/uploads\/2023\/01\/Tecnologie_Aziendali_1-2.jpg\"},{\"@type\":\"BreadcrumbList\",\"@id\":\"https:\/\/www.procosil.com\/fr\/agence\/technologie-dentreprise\/#breadcrumb\",\"itemListElement\":[{\"@type\":\"ListItem\",\"position\":1,\"name\":\"Home\",\"item\":\"https:\/\/www.procosil.com\/fr\/home\/\"},{\"@type\":\"ListItem\",\"position\":2,\"name\":\"Entreprise\",\"item\":\"https:\/\/www.procosil.com\/fr\/agence\/\"},{\"@type\":\"ListItem\",\"position\":3,\"name\":\"Technologie d&#8217;Entreprise\"}]},{\"@type\":\"WebSite\",\"@id\":\"https:\/\/www.procosil.com\/fr\/#website\",\"url\":\"https:\/\/www.procosil.com\/fr\/\",\"name\":\"Procosil\",\"description\":\"Hightech Prosthesis\",\"publisher\":{\"@id\":\"https:\/\/www.procosil.com\/fr\/#organization\"},\"potentialAction\":[{\"@type\":\"SearchAction\",\"target\":{\"@type\":\"EntryPoint\",\"urlTemplate\":\"https:\/\/www.procosil.com\/fr\/?s={search_term_string}\"},\"query-input\":{\"@type\":\"PropertyValueSpecification\",\"valueRequired\":true,\"valueName\":\"search_term_string\"}}],\"inLanguage\":\"fr-FR\"},{\"@type\":\"Organization\",\"@id\":\"https:\/\/www.procosil.com\/fr\/#organization\",\"name\":\"Procosil\",\"url\":\"https:\/\/www.procosil.com\/fr\/\",\"logo\":{\"@type\":\"ImageObject\",\"inLanguage\":\"fr-FR\",\"@id\":\"https:\/\/www.procosil.com\/fr\/#\/schema\/logo\/image\/\",\"url\":\"https:\/\/www.procosil.com\/wp-content\/uploads\/2022\/10\/Logo-Ufficiale_RGB-1.svg\",\"contentUrl\":\"https:\/\/www.procosil.com\/wp-content\/uploads\/2022\/10\/Logo-Ufficiale_RGB-1.svg\",\"caption\":\"Procosil\"},\"image\":{\"@id\":\"https:\/\/www.procosil.com\/fr\/#\/schema\/logo\/image\/\"}}]}<\/script>\n<!-- \/ Yoast SEO plugin. -->","yoast_head_json":{"title":"Technologie d'Entreprise - Procosil","description":"Les technologies d'entreprise de haute technologie telles que : les imprimantes 3D, les scanners 3D et la technologie de conception font de Procosil une entreprise en constante \u00e9volution.","robots":{"index":"index","follow":"follow","max-snippet":"max-snippet:-1","max-image-preview":"max-image-preview:large","max-video-preview":"max-video-preview:-1"},"canonical":"https:\/\/www.procosil.com\/fr\/agence\/technologie-dentreprise\/","og_locale":"fr_FR","og_type":"article","og_title":"Technologie d'Entreprise - Procosil","og_description":"Les technologies d'entreprise de haute technologie telles que : les imprimantes 3D, les scanners 3D et la technologie de conception font de Procosil une entreprise en constante \u00e9volution.","og_url":"https:\/\/www.procosil.com\/fr\/agence\/technologie-dentreprise\/","og_site_name":"Procosil","article_modified_time":"2023-01-26T09:53:21+00:00","og_image":[{"url":"https:\/\/www.procosil.com\/wp-content\/uploads\/2023\/01\/Tecnologie_Aziendali_1-2.jpg","type":"","width":"","height":""}],"twitter_card":"summary_large_image","twitter_misc":{"Dur\u00e9e de lecture estim\u00e9e":"1 minute"},"schema":{"@context":"https:\/\/schema.org","@graph":[{"@type":"WebPage","@id":"https:\/\/www.procosil.com\/fr\/agence\/technologie-dentreprise\/","url":"https:\/\/www.procosil.com\/fr\/agence\/technologie-dentreprise\/","name":"Technologie d'Entreprise - Procosil","isPartOf":{"@id":"https:\/\/www.procosil.com\/fr\/#website"},"primaryImageOfPage":{"@id":"https:\/\/www.procosil.com\/fr\/agence\/technologie-dentreprise\/#primaryimage"},"image":{"@id":"https:\/\/www.procosil.com\/fr\/agence\/technologie-dentreprise\/#primaryimage"},"thumbnailUrl":"https:\/\/www.procosil.com\/wp-content\/uploads\/2023\/01\/Tecnologie_Aziendali_1-2.jpg","datePublished":"2022-12-19T13:12:29+00:00","dateModified":"2023-01-26T09:53:21+00:00","description":"Les technologies d'entreprise de haute technologie telles que : les imprimantes 3D, les scanners 3D et la technologie de conception font de Procosil une entreprise en constante \u00e9volution.","breadcrumb":{"@id":"https:\/\/www.procosil.com\/fr\/agence\/technologie-dentreprise\/#breadcrumb"},"inLanguage":"fr-FR","potentialAction":[{"@type":"ReadAction","target":["https:\/\/www.procosil.com\/fr\/agence\/technologie-dentreprise\/"]}]},{"@type":"ImageObject","inLanguage":"fr-FR","@id":"https:\/\/www.procosil.com\/fr\/agence\/technologie-dentreprise\/#primaryimage","url":"https:\/\/www.procosil.com\/wp-content\/uploads\/2023\/01\/Tecnologie_Aziendali_1-2.jpg","contentUrl":"https:\/\/www.procosil.com\/wp-content\/uploads\/2023\/01\/Tecnologie_Aziendali_1-2.jpg"},{"@type":"BreadcrumbList","@id":"https:\/\/www.procosil.com\/fr\/agence\/technologie-dentreprise\/#breadcrumb","itemListElement":[{"@type":"ListItem","position":1,"name":"Home","item":"https:\/\/www.procosil.com\/fr\/home\/"},{"@type":"ListItem","position":2,"name":"Entreprise","item":"https:\/\/www.procosil.com\/fr\/agence\/"},{"@type":"ListItem","position":3,"name":"Technologie d&#8217;Entreprise"}]},{"@type":"WebSite","@id":"https:\/\/www.procosil.com\/fr\/#website","url":"https:\/\/www.procosil.com\/fr\/","name":"Procosil","description":"Hightech Prosthesis","publisher":{"@id":"https:\/\/www.procosil.com\/fr\/#organization"},"potentialAction":[{"@type":"SearchAction","target":{"@type":"EntryPoint","urlTemplate":"https:\/\/www.procosil.com\/fr\/?s={search_term_string}"},"query-input":{"@type":"PropertyValueSpecification","valueRequired":true,"valueName":"search_term_string"}}],"inLanguage":"fr-FR"},{"@type":"Organization","@id":"https:\/\/www.procosil.com\/fr\/#organization","name":"Procosil","url":"https:\/\/www.procosil.com\/fr\/","logo":{"@type":"ImageObject","inLanguage":"fr-FR","@id":"https:\/\/www.procosil.com\/fr\/#\/schema\/logo\/image\/","url":"https:\/\/www.procosil.com\/wp-content\/uploads\/2022\/10\/Logo-Ufficiale_RGB-1.svg","contentUrl":"https:\/\/www.procosil.com\/wp-content\/uploads\/2022\/10\/Logo-Ufficiale_RGB-1.svg","caption":"Procosil"},"image":{"@id":"https:\/\/www.procosil.com\/fr\/#\/schema\/logo\/image\/"}}]}},"_links":{"self":[{"href":"https:\/\/www.procosil.com\/fr\/wp-json\/wp\/v2\/pages\/3639","targetHints":{"allow":["GET"]}}],"collection":[{"href":"https:\/\/www.procosil.com\/fr\/wp-json\/wp\/v2\/pages"}],"about":[{"href":"https:\/\/www.procosil.com\/fr\/wp-json\/wp\/v2\/types\/page"}],"author":[{"embeddable":true,"href":"https:\/\/www.procosil.com\/fr\/wp-json\/wp\/v2\/users\/1"}],"replies":[{"embeddable":true,"href":"https:\/\/www.procosil.com\/fr\/wp-json\/wp\/v2\/comments?post=3639"}],"version-history":[{"count":9,"href":"https:\/\/www.procosil.com\/fr\/wp-json\/wp\/v2\/pages\/3639\/revisions"}],"predecessor-version":[{"id":5319,"href":"https:\/\/www.procosil.com\/fr\/wp-json\/wp\/v2\/pages\/3639\/revisions\/5319"}],"up":[{"embeddable":true,"href":"https:\/\/www.procosil.com\/fr\/wp-json\/wp\/v2\/pages\/3603"}],"wp:attachment":[{"href":"https:\/\/www.procosil.com\/fr\/wp-json\/wp\/v2\/media?parent=3639"}],"curies":[{"name":"wp","href":"https:\/\/api.w.org\/{rel}","templated":true}]}}