{"id":6785,"date":"2025-03-14T16:00:10","date_gmt":"2025-03-14T15:00:10","guid":{"rendered":"https:\/\/www.procosil.com\/?page_id=6785"},"modified":"2025-03-18T16:31:34","modified_gmt":"2025-03-18T15:31:34","slug":"solutions-fonctionnelles","status":"publish","type":"page","link":"https:\/\/www.procosil.com\/fr\/solutions\/solutions-fonctionnelles\/","title":{"rendered":"Solutions Fonctionnelles"},"content":{"rendered":"\t\t<div data-elementor-type=\"wp-post\" data-elementor-id=\"6785\" class=\"elementor elementor-6785 elementor-6782\" data-elementor-post-type=\"page\">\n\t\t\t\t\t\t<section class=\"elementor-section elementor-top-section elementor-element elementor-element-87372bc elementor-section-boxed elementor-section-height-default elementor-section-height-default\" data-id=\"87372bc\" data-element_type=\"section\" data-settings=\"{&quot;background_background&quot;:&quot;classic&quot;}\">\n\t\t\t\t\t\t<div class=\"elementor-container elementor-column-gap-default\">\n\t\t\t\t\t<div class=\"elementor-column elementor-col-100 elementor-top-column elementor-element elementor-element-48af84b\" data-id=\"48af84b\" data-element_type=\"column\">\n\t\t\t<div class=\"elementor-widget-wrap elementor-element-populated\">\n\t\t\t\t\t\t<div class=\"elementor-element elementor-element-015d42d elementor-align-left elementor-widget elementor-widget-breadcrumbs\" data-id=\"015d42d\" data-element_type=\"widget\" data-widget_type=\"breadcrumbs.default\">\n\t\t\t\t<div class=\"elementor-widget-container\">\n\t\t\t\t\t<div id=\"breadcrumbs\"><span><span><a href=\"https:\/\/www.procosil.com\/fr\/home\/\">Home<\/a><\/span><\/span><\/div>\t\t\t\t<\/div>\n\t\t\t\t<\/div>\n\t\t\t\t\t<\/div>\n\t\t<\/div>\n\t\t\t\t\t<\/div>\n\t\t<\/section>\n\t\t\t\t<section class=\"elementor-section elementor-top-section elementor-element elementor-element-9a39f06 elementor-section-boxed elementor-section-height-default elementor-section-height-default\" data-id=\"9a39f06\" data-element_type=\"section\">\n\t\t\t\t\t\t<div class=\"elementor-container elementor-column-gap-default\">\n\t\t\t\t\t<div class=\"elementor-column elementor-col-100 elementor-top-column elementor-element elementor-element-55b5296\" data-id=\"55b5296\" data-element_type=\"column\">\n\t\t\t<div class=\"elementor-widget-wrap elementor-element-populated\">\n\t\t\t\t\t\t<div class=\"elementor-element elementor-element-0b759c6 elementor-widget elementor-widget-heading\" data-id=\"0b759c6\" data-element_type=\"widget\" data-widget_type=\"heading.default\">\n\t\t\t\t<div class=\"elementor-widget-container\">\n\t\t\t\t\t<h2 class=\"elementor-heading-title elementor-size-default\">Solutions <span style=\"color: #145283\">Fonctionnelles<\/span><\/h2>\t\t\t\t<\/div>\n\t\t\t\t<\/div>\n\t\t\t\t\t<\/div>\n\t\t<\/div>\n\t\t\t\t\t<\/div>\n\t\t<\/section>\n\t\t<div class=\"elementor-element elementor-element-00c82c7 e-flex e-con-boxed e-con e-parent\" data-id=\"00c82c7\" data-element_type=\"container\">\n\t\t\t\t\t<div class=\"e-con-inner\">\n\t\t<div class=\"elementor-element elementor-element-fdedf6c e-con-full e-flex e-con e-child\" data-id=\"fdedf6c\" data-element_type=\"container\">\n\t\t\t\t<div class=\"elementor-element elementor-element-6bf8dd2 elementor-widget elementor-widget-image\" data-id=\"6bf8dd2\" data-element_type=\"widget\" data-widget_type=\"image.default\">\n\t\t\t\t<div class=\"elementor-widget-container\">\n\t\t\t\t\t\t\t\t\t\t\t\t\t\t\t<img fetchpriority=\"high\" decoding=\"async\" width=\"800\" height=\"267\" src=\"https:\/\/www.procosil.com\/wp-content\/uploads\/2023\/01\/SoftHand_Pro_menu.jpg\" class=\"attachment-full size-full wp-image-3487\" alt=\"\" srcset=\"https:\/\/www.procosil.com\/wp-content\/uploads\/2023\/01\/SoftHand_Pro_menu.jpg 800w, https:\/\/www.procosil.com\/wp-content\/uploads\/2023\/01\/SoftHand_Pro_menu-300x100.jpg 300w, https:\/\/www.procosil.com\/wp-content\/uploads\/2023\/01\/SoftHand_Pro_menu-768x256.jpg 768w\" sizes=\"(max-width: 800px) 100vw, 800px\" \/>\t\t\t\t\t\t\t\t\t\t\t\t\t\t\t<\/div>\n\t\t\t\t<\/div>\n\t\t\t\t<div class=\"elementor-element elementor-element-880e463 elementor-widget elementor-widget-heading\" data-id=\"880e463\" data-element_type=\"widget\" data-widget_type=\"heading.default\">\n\t\t\t\t<div class=\"elementor-widget-container\">\n\t\t\t\t\t<h3 class=\"elementor-heading-title elementor-size-default\"><a href=\"https:\/\/www.procosil.com\/soluzioni\/softhand-pro\/\">Softhand Pro<\/a><\/h3>\t\t\t\t<\/div>\n\t\t\t\t<\/div>\n\t\t\t\t<div class=\"elementor-element elementor-element-02b58fc elementor-align-center elementor-widget elementor-widget-button\" data-id=\"02b58fc\" data-element_type=\"widget\" data-widget_type=\"button.default\">\n\t\t\t\t<div class=\"elementor-widget-container\">\n\t\t\t\t\t\t\t\t\t<div class=\"elementor-button-wrapper\">\n\t\t\t\t\t<a class=\"elementor-button elementor-button-link elementor-size-md\" href=\"https:\/\/www.procosil.com\/fr\/solutions\/softhand-pro\/\">\n\t\t\t\t\t\t<span class=\"elementor-button-content-wrapper\">\n\t\t\t\t\t\t\t\t\t<span class=\"elementor-button-text\">D\u00e9couvrez<\/span>\n\t\t\t\t\t<\/span>\n\t\t\t\t\t<\/a>\n\t\t\t\t<\/div>\n\t\t\t\t\t\t\t\t<\/div>\n\t\t\t\t<\/div>\n\t\t\t\t<\/div>\n\t\t<div class=\"elementor-element elementor-element-bae1166 e-con-full e-flex e-con e-child\" data-id=\"bae1166\" data-element_type=\"container\">\n\t\t\t\t<div class=\"elementor-element elementor-element-348f311 elementor-widget elementor-widget-image\" data-id=\"348f311\" data-element_type=\"widget\" data-widget_type=\"image.default\">\n\t\t\t\t<div class=\"elementor-widget-container\">\n\t\t\t\t\t\t\t\t\t\t\t\t\t\t\t<img decoding=\"async\" width=\"800\" height=\"267\" src=\"https:\/\/www.procosil.com\/wp-content\/uploads\/2023\/01\/FAS_menu.jpg\" class=\"attachment-full size-full wp-image-3282\" alt=\"\" srcset=\"https:\/\/www.procosil.com\/wp-content\/uploads\/2023\/01\/FAS_menu.jpg 800w, https:\/\/www.procosil.com\/wp-content\/uploads\/2023\/01\/FAS_menu-300x100.jpg 300w, https:\/\/www.procosil.com\/wp-content\/uploads\/2023\/01\/FAS_menu-768x256.jpg 768w\" sizes=\"(max-width: 800px) 100vw, 800px\" \/>\t\t\t\t\t\t\t\t\t\t\t\t\t\t\t<\/div>\n\t\t\t\t<\/div>\n\t\t\t\t<div class=\"elementor-element elementor-element-e243b8d elementor-widget elementor-widget-heading\" data-id=\"e243b8d\" data-element_type=\"widget\" data-widget_type=\"heading.default\">\n\t\t\t\t<div class=\"elementor-widget-container\">\n\t\t\t\t\t<h3 class=\"elementor-heading-title elementor-size-default\"><a href=\"https:\/\/www.procosil.com\/soluzioni\/f-a-s-finger-articulation-system\/\">F.A.S.<\/a><\/h3>\t\t\t\t<\/div>\n\t\t\t\t<\/div>\n\t\t\t\t<div class=\"elementor-element elementor-element-e77a9e6 elementor-align-center elementor-widget elementor-widget-button\" data-id=\"e77a9e6\" data-element_type=\"widget\" data-widget_type=\"button.default\">\n\t\t\t\t<div class=\"elementor-widget-container\">\n\t\t\t\t\t\t\t\t\t<div class=\"elementor-button-wrapper\">\n\t\t\t\t\t<a class=\"elementor-button elementor-button-link elementor-size-md\" href=\"https:\/\/www.procosil.com\/fr\/solutions\/f-a-s-finger-articulation-system\/\">\n\t\t\t\t\t\t<span class=\"elementor-button-content-wrapper\">\n\t\t\t\t\t\t\t\t\t<span class=\"elementor-button-text\">D\u00e9couvrez<\/span>\n\t\t\t\t\t<\/span>\n\t\t\t\t\t<\/a>\n\t\t\t\t<\/div>\n\t\t\t\t\t\t\t\t<\/div>\n\t\t\t\t<\/div>\n\t\t\t\t<\/div>\n\t\t<div class=\"elementor-element elementor-element-026e27c e-con-full e-flex e-con e-child\" data-id=\"026e27c\" data-element_type=\"container\">\n\t\t\t\t<div class=\"elementor-element elementor-element-37e7a03 elementor-widget elementor-widget-image\" data-id=\"37e7a03\" data-element_type=\"widget\" data-widget_type=\"image.default\">\n\t\t\t\t<div class=\"elementor-widget-container\">\n\t\t\t\t\t\t\t\t\t\t\t\t\t\t\t<img decoding=\"async\" width=\"250\" height=\"174\" src=\"https:\/\/www.procosil.com\/wp-content\/uploads\/2025\/02\/Risorsa-3-100.jpg\" class=\"attachment-full size-full wp-image-6338\" alt=\"\" \/>\t\t\t\t\t\t\t\t\t\t\t\t\t\t\t<\/div>\n\t\t\t\t<\/div>\n\t\t\t\t<div class=\"elementor-element elementor-element-64d56ca elementor-widget elementor-widget-heading\" data-id=\"64d56ca\" data-element_type=\"widget\" data-widget_type=\"heading.default\">\n\t\t\t\t<div class=\"elementor-widget-container\">\n\t\t\t\t\t<h3 class=\"elementor-heading-title elementor-size-default\"><a href=\"https:\/\/www.procosil.com\/adams-hand\/\">ADAM'S HAND<\/a><\/h3>\t\t\t\t<\/div>\n\t\t\t\t<\/div>\n\t\t\t\t<div class=\"elementor-element elementor-element-064a5ea elementor-align-center elementor-widget elementor-widget-button\" data-id=\"064a5ea\" data-element_type=\"widget\" data-widget_type=\"button.default\">\n\t\t\t\t<div class=\"elementor-widget-container\">\n\t\t\t\t\t\t\t\t\t<div class=\"elementor-button-wrapper\">\n\t\t\t\t\t<a class=\"elementor-button elementor-button-link elementor-size-md\" href=\"https:\/\/www.procosil.com\/fr\/adams-hand\/\">\n\t\t\t\t\t\t<span class=\"elementor-button-content-wrapper\">\n\t\t\t\t\t\t\t\t\t<span class=\"elementor-button-text\">D\u00e9couvrez<\/span>\n\t\t\t\t\t<\/span>\n\t\t\t\t\t<\/a>\n\t\t\t\t<\/div>\n\t\t\t\t\t\t\t\t<\/div>\n\t\t\t\t<\/div>\n\t\t\t\t<\/div>\n\t\t\t\t\t<\/div>\n\t\t\t\t<\/div>\n\t\t<div class=\"elementor-element elementor-element-878c333 e-flex e-con-boxed e-con e-parent\" data-id=\"878c333\" data-element_type=\"container\">\n\t\t\t\t\t<div class=\"e-con-inner\">\n\t\t\t\t<div class=\"elementor-element elementor-element-e4a6cd9 elementor-widget elementor-widget-spacer\" data-id=\"e4a6cd9\" data-element_type=\"widget\" data-widget_type=\"spacer.default\">\n\t\t\t\t<div class=\"elementor-widget-container\">\n\t\t\t\t\t\t\t<div class=\"elementor-spacer\">\n\t\t\t<div class=\"elementor-spacer-inner\"><\/div>\n\t\t<\/div>\n\t\t\t\t\t\t<\/div>\n\t\t\t\t<\/div>\n\t\t\t\t\t<\/div>\n\t\t\t\t<\/div>\n\t\t\t\t<\/div>\n\t\t","protected":false},"excerpt":{"rendered":"<p>Solutions Fonctionnelles Softhand Pro D\u00e9couvrez F.A.S. D\u00e9couvrez ADAM&rsquo;S HAND D\u00e9couvrez<\/p>\n","protected":false},"author":5,"featured_media":0,"parent":3673,"menu_order":0,"comment_status":"closed","ping_status":"closed","template":"","meta":{"footnotes":""},"class_list":["post-6785","page","type-page","status-publish","hentry"],"yoast_head":"<!-- This site is optimized with the Yoast SEO plugin v24.6 - https:\/\/yoast.com\/wordpress\/plugins\/seo\/ -->\n<title>Solutions Fonctionnelles - Procosil<\/title>\n<meta name=\"description\" content=\"Procosil Solutions - Proth\u00e8se de haute technologie. D\u00e9couvrez tous nos produits et comment nous pouvons vous aider.\" \/>\n<meta name=\"robots\" content=\"index, follow, max-snippet:-1, max-image-preview:large, max-video-preview:-1\" \/>\n<link rel=\"canonical\" href=\"https:\/\/www.procosil.com\/fr\/solutions\/solutions-fonctionnelles\/\" \/>\n<meta property=\"og:locale\" content=\"fr_FR\" \/>\n<meta property=\"og:type\" content=\"article\" \/>\n<meta property=\"og:title\" content=\"Solutions Fonctionnelles - Procosil\" \/>\n<meta property=\"og:description\" content=\"Procosil Solutions - Proth\u00e8se de haute technologie. D\u00e9couvrez tous nos produits et comment nous pouvons vous aider.\" \/>\n<meta property=\"og:url\" content=\"https:\/\/www.procosil.com\/fr\/solutions\/solutions-fonctionnelles\/\" \/>\n<meta property=\"og:site_name\" content=\"Procosil\" \/>\n<meta property=\"article:modified_time\" content=\"2025-03-18T15:31:34+00:00\" \/>\n<meta property=\"og:image\" content=\"https:\/\/www.procosil.com\/wp-content\/uploads\/2023\/01\/SoftHand_Pro_menu.jpg\" \/>\n\t<meta property=\"og:image:width\" content=\"800\" \/>\n\t<meta property=\"og:image:height\" content=\"267\" \/>\n\t<meta property=\"og:image:type\" content=\"image\/jpeg\" \/>\n<meta name=\"twitter:card\" content=\"summary_large_image\" \/>\n<script type=\"application\/ld+json\" class=\"yoast-schema-graph\">{\"@context\":\"https:\/\/schema.org\",\"@graph\":[{\"@type\":\"WebPage\",\"@id\":\"https:\/\/www.procosil.com\/fr\/solutions\/solutions-fonctionnelles\/\",\"url\":\"https:\/\/www.procosil.com\/fr\/solutions\/solutions-fonctionnelles\/\",\"name\":\"Solutions Fonctionnelles - Procosil\",\"isPartOf\":{\"@id\":\"https:\/\/www.procosil.com\/fr\/#website\"},\"primaryImageOfPage\":{\"@id\":\"https:\/\/www.procosil.com\/fr\/solutions\/solutions-fonctionnelles\/#primaryimage\"},\"image\":{\"@id\":\"https:\/\/www.procosil.com\/fr\/solutions\/solutions-fonctionnelles\/#primaryimage\"},\"thumbnailUrl\":\"https:\/\/www.procosil.com\/wp-content\/uploads\/2023\/01\/SoftHand_Pro_menu.jpg\",\"datePublished\":\"2025-03-14T15:00:10+00:00\",\"dateModified\":\"2025-03-18T15:31:34+00:00\",\"description\":\"Procosil Solutions - Proth\u00e8se de haute technologie. D\u00e9couvrez tous nos produits et comment nous pouvons vous aider.\",\"breadcrumb\":{\"@id\":\"https:\/\/www.procosil.com\/fr\/solutions\/solutions-fonctionnelles\/#breadcrumb\"},\"inLanguage\":\"fr-FR\",\"potentialAction\":[{\"@type\":\"ReadAction\",\"target\":[\"https:\/\/www.procosil.com\/fr\/solutions\/solutions-fonctionnelles\/\"]}]},{\"@type\":\"ImageObject\",\"inLanguage\":\"fr-FR\",\"@id\":\"https:\/\/www.procosil.com\/fr\/solutions\/solutions-fonctionnelles\/#primaryimage\",\"url\":\"https:\/\/www.procosil.com\/wp-content\/uploads\/2023\/01\/SoftHand_Pro_menu.jpg\",\"contentUrl\":\"https:\/\/www.procosil.com\/wp-content\/uploads\/2023\/01\/SoftHand_Pro_menu.jpg\"},{\"@type\":\"BreadcrumbList\",\"@id\":\"https:\/\/www.procosil.com\/fr\/solutions\/solutions-fonctionnelles\/#breadcrumb\",\"itemListElement\":[{\"@type\":\"ListItem\",\"position\":1,\"name\":\"Home\",\"item\":\"https:\/\/www.procosil.com\/fr\/home\/\"},{\"@type\":\"ListItem\",\"position\":2,\"name\":\"Solutions\",\"item\":\"https:\/\/www.procosil.com\/fr\/solutions\/\"},{\"@type\":\"ListItem\",\"position\":3,\"name\":\"Solutions Fonctionnelles\"}]},{\"@type\":\"WebSite\",\"@id\":\"https:\/\/www.procosil.com\/fr\/#website\",\"url\":\"https:\/\/www.procosil.com\/fr\/\",\"name\":\"Procosil\",\"description\":\"Hightech Prosthesis\",\"publisher\":{\"@id\":\"https:\/\/www.procosil.com\/fr\/#organization\"},\"potentialAction\":[{\"@type\":\"SearchAction\",\"target\":{\"@type\":\"EntryPoint\",\"urlTemplate\":\"https:\/\/www.procosil.com\/fr\/?s={search_term_string}\"},\"query-input\":{\"@type\":\"PropertyValueSpecification\",\"valueRequired\":true,\"valueName\":\"search_term_string\"}}],\"inLanguage\":\"fr-FR\"},{\"@type\":\"Organization\",\"@id\":\"https:\/\/www.procosil.com\/fr\/#organization\",\"name\":\"Procosil\",\"url\":\"https:\/\/www.procosil.com\/fr\/\",\"logo\":{\"@type\":\"ImageObject\",\"inLanguage\":\"fr-FR\",\"@id\":\"https:\/\/www.procosil.com\/fr\/#\/schema\/logo\/image\/\",\"url\":\"https:\/\/www.procosil.com\/wp-content\/uploads\/2022\/10\/Logo-Ufficiale_RGB-1.svg\",\"contentUrl\":\"https:\/\/www.procosil.com\/wp-content\/uploads\/2022\/10\/Logo-Ufficiale_RGB-1.svg\",\"caption\":\"Procosil\"},\"image\":{\"@id\":\"https:\/\/www.procosil.com\/fr\/#\/schema\/logo\/image\/\"}}]}<\/script>\n<!-- \/ Yoast SEO plugin. -->","yoast_head_json":{"title":"Solutions Fonctionnelles - Procosil","description":"Procosil Solutions - Proth\u00e8se de haute technologie. D\u00e9couvrez tous nos produits et comment nous pouvons vous aider.","robots":{"index":"index","follow":"follow","max-snippet":"max-snippet:-1","max-image-preview":"max-image-preview:large","max-video-preview":"max-video-preview:-1"},"canonical":"https:\/\/www.procosil.com\/fr\/solutions\/solutions-fonctionnelles\/","og_locale":"fr_FR","og_type":"article","og_title":"Solutions Fonctionnelles - Procosil","og_description":"Procosil Solutions - Proth\u00e8se de haute technologie. D\u00e9couvrez tous nos produits et comment nous pouvons vous aider.","og_url":"https:\/\/www.procosil.com\/fr\/solutions\/solutions-fonctionnelles\/","og_site_name":"Procosil","article_modified_time":"2025-03-18T15:31:34+00:00","og_image":[{"width":800,"height":267,"url":"https:\/\/www.procosil.com\/wp-content\/uploads\/2023\/01\/SoftHand_Pro_menu.jpg","type":"image\/jpeg"}],"twitter_card":"summary_large_image","schema":{"@context":"https:\/\/schema.org","@graph":[{"@type":"WebPage","@id":"https:\/\/www.procosil.com\/fr\/solutions\/solutions-fonctionnelles\/","url":"https:\/\/www.procosil.com\/fr\/solutions\/solutions-fonctionnelles\/","name":"Solutions Fonctionnelles - Procosil","isPartOf":{"@id":"https:\/\/www.procosil.com\/fr\/#website"},"primaryImageOfPage":{"@id":"https:\/\/www.procosil.com\/fr\/solutions\/solutions-fonctionnelles\/#primaryimage"},"image":{"@id":"https:\/\/www.procosil.com\/fr\/solutions\/solutions-fonctionnelles\/#primaryimage"},"thumbnailUrl":"https:\/\/www.procosil.com\/wp-content\/uploads\/2023\/01\/SoftHand_Pro_menu.jpg","datePublished":"2025-03-14T15:00:10+00:00","dateModified":"2025-03-18T15:31:34+00:00","description":"Procosil Solutions - Proth\u00e8se de haute technologie. D\u00e9couvrez tous nos produits et comment nous pouvons vous aider.","breadcrumb":{"@id":"https:\/\/www.procosil.com\/fr\/solutions\/solutions-fonctionnelles\/#breadcrumb"},"inLanguage":"fr-FR","potentialAction":[{"@type":"ReadAction","target":["https:\/\/www.procosil.com\/fr\/solutions\/solutions-fonctionnelles\/"]}]},{"@type":"ImageObject","inLanguage":"fr-FR","@id":"https:\/\/www.procosil.com\/fr\/solutions\/solutions-fonctionnelles\/#primaryimage","url":"https:\/\/www.procosil.com\/wp-content\/uploads\/2023\/01\/SoftHand_Pro_menu.jpg","contentUrl":"https:\/\/www.procosil.com\/wp-content\/uploads\/2023\/01\/SoftHand_Pro_menu.jpg"},{"@type":"BreadcrumbList","@id":"https:\/\/www.procosil.com\/fr\/solutions\/solutions-fonctionnelles\/#breadcrumb","itemListElement":[{"@type":"ListItem","position":1,"name":"Home","item":"https:\/\/www.procosil.com\/fr\/home\/"},{"@type":"ListItem","position":2,"name":"Solutions","item":"https:\/\/www.procosil.com\/fr\/solutions\/"},{"@type":"ListItem","position":3,"name":"Solutions Fonctionnelles"}]},{"@type":"WebSite","@id":"https:\/\/www.procosil.com\/fr\/#website","url":"https:\/\/www.procosil.com\/fr\/","name":"Procosil","description":"Hightech Prosthesis","publisher":{"@id":"https:\/\/www.procosil.com\/fr\/#organization"},"potentialAction":[{"@type":"SearchAction","target":{"@type":"EntryPoint","urlTemplate":"https:\/\/www.procosil.com\/fr\/?s={search_term_string}"},"query-input":{"@type":"PropertyValueSpecification","valueRequired":true,"valueName":"search_term_string"}}],"inLanguage":"fr-FR"},{"@type":"Organization","@id":"https:\/\/www.procosil.com\/fr\/#organization","name":"Procosil","url":"https:\/\/www.procosil.com\/fr\/","logo":{"@type":"ImageObject","inLanguage":"fr-FR","@id":"https:\/\/www.procosil.com\/fr\/#\/schema\/logo\/image\/","url":"https:\/\/www.procosil.com\/wp-content\/uploads\/2022\/10\/Logo-Ufficiale_RGB-1.svg","contentUrl":"https:\/\/www.procosil.com\/wp-content\/uploads\/2022\/10\/Logo-Ufficiale_RGB-1.svg","caption":"Procosil"},"image":{"@id":"https:\/\/www.procosil.com\/fr\/#\/schema\/logo\/image\/"}}]}},"_links":{"self":[{"href":"https:\/\/www.procosil.com\/fr\/wp-json\/wp\/v2\/pages\/6785","targetHints":{"allow":["GET"]}}],"collection":[{"href":"https:\/\/www.procosil.com\/fr\/wp-json\/wp\/v2\/pages"}],"about":[{"href":"https:\/\/www.procosil.com\/fr\/wp-json\/wp\/v2\/types\/page"}],"author":[{"embeddable":true,"href":"https:\/\/www.procosil.com\/fr\/wp-json\/wp\/v2\/users\/5"}],"replies":[{"embeddable":true,"href":"https:\/\/www.procosil.com\/fr\/wp-json\/wp\/v2\/comments?post=6785"}],"version-history":[{"count":5,"href":"https:\/\/www.procosil.com\/fr\/wp-json\/wp\/v2\/pages\/6785\/revisions"}],"predecessor-version":[{"id":7011,"href":"https:\/\/www.procosil.com\/fr\/wp-json\/wp\/v2\/pages\/6785\/revisions\/7011"}],"up":[{"embeddable":true,"href":"https:\/\/www.procosil.com\/fr\/wp-json\/wp\/v2\/pages\/3673"}],"wp:attachment":[{"href":"https:\/\/www.procosil.com\/fr\/wp-json\/wp\/v2\/media?parent=6785"}],"curies":[{"name":"wp","href":"https:\/\/api.w.org\/{rel}","templated":true}]}}